{"id":436,"date":"2024-03-15T14:56:22","date_gmt":"2024-03-15T14:56:22","guid":{"rendered":"http:\/\/www.pulahtajat.fi\/?page_id=436"},"modified":"2025-10-18T14:18:46","modified_gmt":"2025-10-18T14:18:46","slug":"saunaetiketti","status":"publish","type":"page","link":"http:\/\/www.pulahtajat.fi\/?page_id=436","title":{"rendered":"Saunaetiketti"},"content":{"rendered":"\n<p>SAUNAVUOROJEN S\u00c4\u00c4NN\u00d6T<\/p>\n\n\n\n<p><strong>Saunavuoro alkaa vasta merkittyn\u00e4 aikana.<\/strong> Sauna- ja suihkutiloihin, yl\u00e4kerran pukuhuoneeseen tai terassille ei saa menn\u00e4 ennen vuoron alkua.<\/p>\n\n\n\n<p><strong>Kunnioitetaan vuorojen p\u00e4\u00e4ttymisaikaa <\/strong>ja poistutaan saunalta ajoissa. Ahveniston saunalla toimintapuisto on m\u00e4\u00e4r\u00e4nnyt 100 euron asiakassopimusehtojen mukaisen sakon, joka tulee s\u00e4\u00e4nn\u00f6n rikkojan maksettavaksi.<\/p>\n\n\n\n<p><strong>Vuoron p\u00e4\u00e4ttymisaikaan menness\u00e4<\/strong> on sauna- ja suihkutilojen, yl\u00e4kerran pukuhuoneen ja terassin oltava vapaat seuraavalle k\u00e4ytt\u00e4j\u00e4lle. Viimeinen saunoja puhdistaa suihkuhuoneen lattian lastalla.<\/p>\n\n\n\n<p><strong>Saunavuoroilla k\u00e4ytet\u00e4\u00e4n Pulahtajien j\u00e4senranneketta.<\/strong><\/p>\n\n\n\n<p><strong>Pidet\u00e4\u00e4n laudekeskustelut asiallisina ja muita kunnioittavina<\/strong>, ett\u00e4 kaikilla on mukava ja turvallinen olo. Noudatamme saunavuoroilla <a href=\"https:\/\/www.ykliitto.fi\/turvallinen-tila\">turvallisen tilan periaatteita<\/a>. Voit olla yhteydess\u00e4 hallitukseen, mik\u00e4li koet vuorojen aikana h\u00e4irint\u00e4\u00e4 tai ep\u00e4asiallista k\u00e4yt\u00f6st\u00e4.<\/p>\n\n\n\n<p><strong>Saunavuorolla noudatamme turvallisia k\u00e4yt\u00e4nt\u00f6j\u00e4, saunomme ja pulahdamme omalla vastuulla.<\/strong> <\/p>\n\n\n\n<p><strong>Koputa suihkutilan oveen ennen kuin menet sis\u00e4\u00e4n.<\/strong> Suihkutilat ovat kaikkien yhteisk\u00e4yt\u00f6ss\u00e4.<\/p>\n\n\n\n<p><\/p>\n\n\n\n<p>MUITA OHJEITA SAUNAVUOROILLE:<\/p>\n\n\n\n<p><strong>Kipin\u00e4niemen saunan osoite on Kipin\u00e4niementie 42, H\u00e4meenlinna<\/strong>, Katumaj\u00e4rven rannassa. Autoille on varattu parkkitilaa juuri ennen punaista tupaa tien vierest\u00e4. <\/p>\n\n\n\n<p><strong>Ahveniston rantasaunan osoite on Olympiakatu 18-20, H\u00e4meenlinna<\/strong>. <\/p>\n\n\n\n<p><\/p>\n","protected":false},"excerpt":{"rendered":"<p>SAUNAVUOROJEN S\u00c4\u00c4NN\u00d6T Saunavuoro alkaa vasta merkittyn\u00e4 aikana. Sauna- ja suihkutiloihin, yl\u00e4kerran pukuhuoneeseen tai terassille ei saa menn\u00e4 ennen vuoron alkua. Kunnioitetaan vuorojen p\u00e4\u00e4ttymisaikaa ja poistutaan saunalta ajoissa. Ahveniston saunalla toimintapuisto on m\u00e4\u00e4r\u00e4nnyt 100 euron asiakassopimusehtojen mukaisen sakon, joka tulee s\u00e4\u00e4nn\u00f6n rikkojan maksettavaksi. Vuoron p\u00e4\u00e4ttymisaikaan menness\u00e4 on sauna- ja suihkutilojen, yl\u00e4kerran pukuhuoneen ja terassin oltava vapaat &hellip; <a href=\"http:\/\/www.pulahtajat.fi\/?page_id=436\" class=\"more-link\">Jatka artikkeliin <span class=\"screen-reader-text\">Saunaetiketti<\/span><\/a><\/p>\n","protected":false},"author":1,"featured_media":0,"parent":0,"menu_order":0,"comment_status":"closed","ping_status":"closed","template":"","meta":{"footnotes":""},"class_list":["post-436","page","type-page","status-publish","hentry"],"_links":{"self":[{"href":"http:\/\/www.pulahtajat.fi\/index.php?rest_route=\/wp\/v2\/pages\/436","targetHints":{"allow":["GET"]}}],"collection":[{"href":"http:\/\/www.pulahtajat.fi\/index.php?rest_route=\/wp\/v2\/pages"}],"about":[{"href":"http:\/\/www.pulahtajat.fi\/index.php?rest_route=\/wp\/v2\/types\/page"}],"author":[{"embeddable":true,"href":"http:\/\/www.pulahtajat.fi\/index.php?rest_route=\/wp\/v2\/users\/1"}],"replies":[{"embeddable":true,"href":"http:\/\/www.pulahtajat.fi\/index.php?rest_route=%2Fwp%2Fv2%2Fcomments&post=436"}],"version-history":[{"count":7,"href":"http:\/\/www.pulahtajat.fi\/index.php?rest_route=\/wp\/v2\/pages\/436\/revisions"}],"predecessor-version":[{"id":644,"href":"http:\/\/www.pulahtajat.fi\/index.php?rest_route=\/wp\/v2\/pages\/436\/revisions\/644"}],"wp:attachment":[{"href":"http:\/\/www.pulahtajat.fi\/index.php?rest_route=%2Fwp%2Fv2%2Fmedia&parent=436"}],"curies":[{"name":"wp","href":"https:\/\/api.w.org\/{rel}","templated":true}]}}