{"id":17,"date":"2020-08-06T14:46:56","date_gmt":"2020-08-06T14:46:56","guid":{"rendered":"http:\/\/www.pulahtajat.fi\/?page_id=17"},"modified":"2026-01-04T09:17:57","modified_gmt":"2026-01-04T09:17:57","slug":"yhteystiedot","status":"publish","type":"page","link":"http:\/\/www.pulahtajat.fi\/?page_id=17","title":{"rendered":"Yhteystiedot"},"content":{"rendered":"\n<p>Hallitus kaudella 2025-2026<\/p>\n\n\n\n<p>Puheenjohtaja Tomi Svahn 050 5589898<br>Varapuheenjohtaja Seppo Flinck<br>Sihteeri Eeva Monto<br>Markkinointi- ja tiedotusvastaava Sonja Savolainen<br>J\u00e4senvastaava Markku Vendelin<br>Rahastonhoitaja Taru Niinim\u00e4ki<\/p>\n\n\n\n<p>Facebook: <a href=\"https:\/\/www.facebook.com\/Pulahtajat\/?ref=page_internal\">https:\/\/www.facebook.com\/Pulahtajat\/?ref=page_internal<\/a><\/p>\n\n\n\n<p>Instagram: <a href=\"https:\/\/www.instagram.com\/pulahtajat_ry\/\">https:\/\/www.instagram.com\/pulahtajat_ry\/<\/a><\/p>\n\n\n\n<p>S\u00e4hk\u00f6posti: pulahtajaksi@pulahtajat.fi<\/p>\n\n\n\n<p>Ahveniston rantasauna: Olympiakatu 18-20, 13130 H\u00e4meenlinna<\/p>\n\n\n\n<p>Kipin\u00e4niemen sauna: Kipin\u00e4niementie 42, H\u00e4meenlinna<\/p>\n\n\n\n<figure class=\"wp-block-image size-large\"><a href=\"https:\/\/forms.gle\/qFsXJaDEqJiVFin57\"><img loading=\"lazy\" decoding=\"async\" width=\"1024\" height=\"256\" src=\"http:\/\/www.pulahtajat.fi\/wp-content\/uploads\/2024\/03\/Anna-meille-palautetta-1024x256.jpg\" alt=\"\" class=\"wp-image-445\" srcset=\"http:\/\/www.pulahtajat.fi\/wp-content\/uploads\/2024\/03\/Anna-meille-palautetta-1024x256.jpg 1024w, http:\/\/www.pulahtajat.fi\/wp-content\/uploads\/2024\/03\/Anna-meille-palautetta-300x75.jpg 300w, http:\/\/www.pulahtajat.fi\/wp-content\/uploads\/2024\/03\/Anna-meille-palautetta-768x192.jpg 768w, http:\/\/www.pulahtajat.fi\/wp-content\/uploads\/2024\/03\/Anna-meille-palautetta-1536x384.jpg 1536w, http:\/\/www.pulahtajat.fi\/wp-content\/uploads\/2024\/03\/Anna-meille-palautetta.jpg 2000w\" sizes=\"auto, (max-width: 1024px) 100vw, 1024px\" \/><\/a><\/figure>\n\n\n\n<p><\/p>\n","protected":false},"excerpt":{"rendered":"<p>Hallitus kaudella 2025-2026 Puheenjohtaja Tomi Svahn 050 5589898Varapuheenjohtaja Seppo FlinckSihteeri Eeva MontoMarkkinointi- ja tiedotusvastaava Sonja SavolainenJ\u00e4senvastaava Markku VendelinRahastonhoitaja Taru Niinim\u00e4ki Facebook: https:\/\/www.facebook.com\/Pulahtajat\/?ref=page_internal Instagram: https:\/\/www.instagram.com\/pulahtajat_ry\/ S\u00e4hk\u00f6posti: pulahtajaksi@pulahtajat.fi Ahveniston rantasauna: Olympiakatu 18-20, 13130 H\u00e4meenlinna Kipin\u00e4niemen sauna: Kipin\u00e4niementie 42, H\u00e4meenlinna<\/p>\n","protected":false},"author":1,"featured_media":0,"parent":0,"menu_order":0,"comment_status":"closed","ping_status":"closed","template":"","meta":{"footnotes":""},"class_list":["post-17","page","type-page","status-publish","hentry"],"_links":{"self":[{"href":"http:\/\/www.pulahtajat.fi\/index.php?rest_route=\/wp\/v2\/pages\/17","targetHints":{"allow":["GET"]}}],"collection":[{"href":"http:\/\/www.pulahtajat.fi\/index.php?rest_route=\/wp\/v2\/pages"}],"about":[{"href":"http:\/\/www.pulahtajat.fi\/index.php?rest_route=\/wp\/v2\/types\/page"}],"author":[{"embeddable":true,"href":"http:\/\/www.pulahtajat.fi\/index.php?rest_route=\/wp\/v2\/users\/1"}],"replies":[{"embeddable":true,"href":"http:\/\/www.pulahtajat.fi\/index.php?rest_route=%2Fwp%2Fv2%2Fcomments&post=17"}],"version-history":[{"count":23,"href":"http:\/\/www.pulahtajat.fi\/index.php?rest_route=\/wp\/v2\/pages\/17\/revisions"}],"predecessor-version":[{"id":682,"href":"http:\/\/www.pulahtajat.fi\/index.php?rest_route=\/wp\/v2\/pages\/17\/revisions\/682"}],"wp:attachment":[{"href":"http:\/\/www.pulahtajat.fi\/index.php?rest_route=%2Fwp%2Fv2%2Fmedia&parent=17"}],"curies":[{"name":"wp","href":"https:\/\/api.w.org\/{rel}","templated":true}]}}