{"id":16,"date":"2020-08-06T14:46:56","date_gmt":"2020-08-06T14:46:56","guid":{"rendered":"http:\/\/www.pulahtajat.fi\/?page_id=16"},"modified":"2025-12-28T12:07:37","modified_gmt":"2025-12-28T12:07:37","slug":"jaseneksi","status":"publish","type":"page","link":"http:\/\/www.pulahtajat.fi\/?page_id=16","title":{"rendered":"J\u00e4seneksi"},"content":{"rendered":"\n<p><strong>Vuoden 2026 j\u00e4senkaudet ja hinnat<\/strong><\/p>\n\n\n\n<p>TALVIKAUSI 1.1.-31.5. ja 1.9.-31.12.2026 <strong>140\u20ac<\/strong> (er\u00e4p\u00e4iv\u00e4 31.1.26)<br>KOKO VUOSI 1.1.-31.12.2026 <strong>180\u20ac<\/strong> (er\u00e4p\u00e4iv\u00e4 31.1.26) <br><em>koko vuoden j\u00e4senyyden early bird -hinta 160\u20ac voimassa 31.12.25 asti<\/em><br>KEV\u00c4TJ\u00c4SENYYS 1.1.-31.5.2026 <strong>80\u20ac<\/strong> (er\u00e4p\u00e4iv\u00e4 31.1.26)<br>SYYSJ\u00c4SENYYS 1.9.-31.12.2026 <strong>80\u20ac<\/strong> (er\u00e4p\u00e4iv\u00e4 30.9.26)<br>KES\u00c4J\u00c4SENYYS 1.6.-31.8.2026 <strong>50\u20ac<\/strong> (er\u00e4p\u00e4iv\u00e4 31.5.26)<\/p>\n\n\n\n<p>Alle 15-vuotiaat -50% j\u00e4senhinnoista<br>15v t\u00e4ytt\u00e4neet ja vanhemmat: t\u00e4ysi j\u00e4senmaksu<\/p>\n\n\n\n<p><strong>Firmaranneke 500\u20ac\/vuosi<\/strong> on tarkoitettu yrityksille ja sis\u00e4lt\u00e4\u00e4 yhden koko vuoden j\u00e4senrannekkeen ty\u00f6paikan yhteiseen k\u00e4ytt\u00f6\u00f6n. Ranneketta voi k\u00e4ytt\u00e4\u00e4 yksi henkil\u00f6 kerrallaan kaikilla Pulahtajien vuoroilla. Rannekkeen lis\u00e4ksi firmaj\u00e4senyyteen sis\u00e4ltyy n\u00e4kyvyytt\u00e4 Pulahtajien sivuilla ja sosiaalisessa mediassa. <\/p>\n\n\n\n<p><strong>J\u00e4senhakemukset<\/strong> s\u00e4hk\u00f6postilla osoitteeseen pulahtajaksi@pulahtajat.fi<\/p>\n\n\n\n<p>Ilmoita viestiss\u00e4si osoitteesi, puhelinnumerosi sek\u00e4 syntym\u00e4vuotesi. Paluupostissa saat j\u00e4senkirjeen, josta l\u00f6ytyy ohjeet j\u00e4senmaksuun sek\u00e4 saunavuorot. <\/p>\n\n\n\n<p>Mik\u00e4li j\u00e4senyys kiinnostaa, mutta haluat tulla koepulahtamaan ennen p\u00e4\u00e4t\u00f6st\u00e4, voit laittaa meille s\u00e4hk\u00f6postia (<a href=\"mailto:pulahtajaksi@pulahtajat.fi\">pulahtajaksi@pulahtajat.fi<\/a>) tai viesti\u00e4 Messengerill\u00e4 (H\u00e4meenlinnan avantouinti- ja saunaseura Pulahtajat ry), niin sovitaan ajankohdasta. Pulahtajamentori odottaa sinua saunalla ja esittelee paikat ja toiminnan.<\/p>\n\n\n\n<p><strong>Vanhat j\u00e4senet<\/strong> voivat maksaa j\u00e4senmaksun tilinumeroon FI13 5680 00204739 28 (H\u00e4meenlinnan avantouinti- ja saunaseura Pulahtajat ry). Viitenumero pysyy samana eli olet saanut sen j\u00e4senkirjeess\u00e4 liittymisen j\u00e4lkeen.<\/p>\n\n\n\n<p>Liikuntaedut eiv\u00e4t valitettavasti k\u00e4y maksutavaksi.<\/p>\n\n\n\n<hr class=\"wp-block-separator has-alpha-channel-opacity is-style-wide\"\/>\n\n\n\n<p><strong>Ahveniston ja Kipin\u00e4niemen saunat<\/strong><\/p>\n\n\n\n<p>Ahveniston rantasauna: Olympiakatu 18-20, 13130 H\u00e4meenlinna<\/p>\n\n\n\n<p>Kipin\u00e4niemen sauna: Kipin\u00e4niementie 42, H\u00e4meenlinna<\/p>\n\n\n\n<p>Pulahtajien tukikohta on Ahveniston rantasauna, Ahvenistonj\u00e4rven rannalla H\u00e4meenlinnassa. Saunan omistaa H\u00e4meenlinnan kaupunki ja sit\u00e4 hallinnoi Ahveniston Toimintapuisto. Pulahtajilla on omat varatut saunavuorot, ja saunaa voi vuokrata my\u00f6s yksityisesti, <a href=\"https:\/\/www.ahvenisto.fi\/fi\/8-sisalto\/14-sauna\" data-type=\"URL\" data-id=\"https:\/\/www.ahvenisto.fi\/fi\/8-sisalto\/14-sauna\">https:\/\/www.ahvenisto.fi\/fi\/8-sisalto\/14-sauna<\/a> .<\/p>\n\n\n\n<figure class=\"wp-block-image size-large\"><img loading=\"lazy\" decoding=\"async\" width=\"1024\" height=\"681\" src=\"http:\/\/www.pulahtajat.fi\/wp-content\/uploads\/2022\/03\/DSC_5846-1-1024x681.jpg\" alt=\"\" class=\"wp-image-170\" srcset=\"http:\/\/www.pulahtajat.fi\/wp-content\/uploads\/2022\/03\/DSC_5846-1-1024x681.jpg 1024w, http:\/\/www.pulahtajat.fi\/wp-content\/uploads\/2022\/03\/DSC_5846-1-300x199.jpg 300w, http:\/\/www.pulahtajat.fi\/wp-content\/uploads\/2022\/03\/DSC_5846-1-768x511.jpg 768w, http:\/\/www.pulahtajat.fi\/wp-content\/uploads\/2022\/03\/DSC_5846-1-1536x1021.jpg 1536w, http:\/\/www.pulahtajat.fi\/wp-content\/uploads\/2022\/03\/DSC_5846-1-2048x1362.jpg 2048w\" sizes=\"auto, (max-width: 1024px) 100vw, 1024px\" \/><\/figure>\n\n\n\n<p><strong>Ahveniston saunalla<\/strong> pukuhuoneet ovat yl\u00e4- ja alakerrassa. Yl\u00e4kerrassa on sauna, naisten pukuhuone, wc ja yhteiset suihkutilat. Alakerrassa on lis\u00e4ksi miehille ja naisille omat pukuhuoneet. Ei lukkokaappeja.<\/p>\n\n\n\n<figure class=\"wp-block-image size-large\"><a href=\"http:\/\/www.pulahtajat.fi\/wp-content\/uploads\/2024\/09\/Kipina2.jpg\"><img loading=\"lazy\" decoding=\"async\" width=\"1024\" height=\"768\" src=\"http:\/\/www.pulahtajat.fi\/wp-content\/uploads\/2024\/09\/Kipina2-1024x768.jpg\" alt=\"\" class=\"wp-image-503\" srcset=\"http:\/\/www.pulahtajat.fi\/wp-content\/uploads\/2024\/09\/Kipina2-1024x768.jpg 1024w, http:\/\/www.pulahtajat.fi\/wp-content\/uploads\/2024\/09\/Kipina2-300x225.jpg 300w, http:\/\/www.pulahtajat.fi\/wp-content\/uploads\/2024\/09\/Kipina2-768x576.jpg 768w, http:\/\/www.pulahtajat.fi\/wp-content\/uploads\/2024\/09\/Kipina2-1536x1152.jpg 1536w, http:\/\/www.pulahtajat.fi\/wp-content\/uploads\/2024\/09\/Kipina2.jpg 2000w\" sizes=\"auto, (max-width: 1024px) 100vw, 1024px\" \/><\/a><\/figure>\n\n\n\n<p><strong>Kipin\u00e4niemen saunalla<\/strong> naisten pukuhuone on saunarakennuksen yhteydess\u00e4. Saunalla on yhteiset suihkutilat. Miesten pukuhuone on yl\u00e4talolla. Naisten pukuhuoneesta ja yl\u00e4talon aulasta l\u00f6ytyy wc. Ei lukkokaappeja.<\/p>\n\n\n\n<p><\/p>\n","protected":false},"excerpt":{"rendered":"<p>Vuoden 2026 j\u00e4senkaudet ja hinnat TALVIKAUSI 1.1.-31.5. ja 1.9.-31.12.2026 140\u20ac (er\u00e4p\u00e4iv\u00e4 31.1.26)KOKO VUOSI 1.1.-31.12.2026 180\u20ac (er\u00e4p\u00e4iv\u00e4 31.1.26) koko vuoden j\u00e4senyyden early bird -hinta 160\u20ac voimassa 31.12.25 astiKEV\u00c4TJ\u00c4SENYYS 1.1.-31.5.2026 80\u20ac (er\u00e4p\u00e4iv\u00e4 31.1.26)SYYSJ\u00c4SENYYS 1.9.-31.12.2026 80\u20ac (er\u00e4p\u00e4iv\u00e4 30.9.26)KES\u00c4J\u00c4SENYYS 1.6.-31.8.2026 50\u20ac (er\u00e4p\u00e4iv\u00e4 31.5.26) Alle 15-vuotiaat -50% j\u00e4senhinnoista15v t\u00e4ytt\u00e4neet ja vanhemmat: t\u00e4ysi j\u00e4senmaksu Firmaranneke 500\u20ac\/vuosi on tarkoitettu yrityksille ja sis\u00e4lt\u00e4\u00e4 &hellip; <a href=\"http:\/\/www.pulahtajat.fi\/?page_id=16\" class=\"more-link\">Jatka artikkeliin <span class=\"screen-reader-text\">J\u00e4seneksi<\/span><\/a><\/p>\n","protected":false},"author":1,"featured_media":155,"parent":0,"menu_order":0,"comment_status":"closed","ping_status":"closed","template":"","meta":{"footnotes":""},"class_list":["post-16","page","type-page","status-publish","has-post-thumbnail","hentry"],"_links":{"self":[{"href":"http:\/\/www.pulahtajat.fi\/index.php?rest_route=\/wp\/v2\/pages\/16","targetHints":{"allow":["GET"]}}],"collection":[{"href":"http:\/\/www.pulahtajat.fi\/index.php?rest_route=\/wp\/v2\/pages"}],"about":[{"href":"http:\/\/www.pulahtajat.fi\/index.php?rest_route=\/wp\/v2\/types\/page"}],"author":[{"embeddable":true,"href":"http:\/\/www.pulahtajat.fi\/index.php?rest_route=\/wp\/v2\/users\/1"}],"replies":[{"embeddable":true,"href":"http:\/\/www.pulahtajat.fi\/index.php?rest_route=%2Fwp%2Fv2%2Fcomments&post=16"}],"version-history":[{"count":25,"href":"http:\/\/www.pulahtajat.fi\/index.php?rest_route=\/wp\/v2\/pages\/16\/revisions"}],"predecessor-version":[{"id":672,"href":"http:\/\/www.pulahtajat.fi\/index.php?rest_route=\/wp\/v2\/pages\/16\/revisions\/672"}],"wp:featuredmedia":[{"embeddable":true,"href":"http:\/\/www.pulahtajat.fi\/index.php?rest_route=\/wp\/v2\/media\/155"}],"wp:attachment":[{"href":"http:\/\/www.pulahtajat.fi\/index.php?rest_route=%2Fwp%2Fv2%2Fmedia&parent=16"}],"curies":[{"name":"wp","href":"https:\/\/api.w.org\/{rel}","templated":true}]}}